{"id":31928,"date":"2025-09-03T00:55:16","date_gmt":"2025-09-02T21:55:16","guid":{"rendered":"https:\/\/arzenox.com\/?page_id=31928"},"modified":"2025-09-25T00:34:56","modified_gmt":"2025-09-24T21:34:56","slug":"haberler","status":"publish","type":"page","link":"https:\/\/www.arzenox.com\/en\/haberler\/","title":{"rendered":"News"},"content":{"rendered":"<div data-elementor-type=\"wp-page\" data-elementor-id=\"31928\" class=\"elementor elementor-31928\">\n\t\t\t\t<div class=\"wd-negative-gap elementor-element elementor-element-09a81ac e-flex e-con-boxed e-con e-parent\" data-id=\"09a81ac\" data-element_type=\"container\">\n\t\t\t\t\t<div class=\"e-con-inner\">\n\t\t\t\t<div class=\"elementor-element elementor-element-7b281fd wd-width-100 elementor-widget elementor-widget-wd_blog\" data-id=\"7b281fd\" data-element_type=\"widget\" data-widget_type=\"wd_blog.default\">\n\t\t\t\t<div class=\"elementor-widget-container\">\n\t\t\t\t\t\t\t\t\t\t\t\t<div class=\"wd-blog-element\">\n\t\t\t\t\t\t\t\t\t\t\t\n\t\t\t\t\t<div class=\"wd-posts wd-blog-holder wd-masonry wd-grid-f-col\" id=\"69dff193d44a9\" data-paged=\"1\" data-atts=\"{&quot;post_type&quot;:&quot;post&quot;,&quot;items_per_page&quot;:12,&quot;include&quot;:null,&quot;taxonomies&quot;:[&quot;73&quot;],&quot;offset&quot;:&quot;&quot;,&quot;orderby&quot;:&quot;&quot;,&quot;order&quot;:&quot;DESC&quot;,&quot;meta_key&quot;:null,&quot;exclude&quot;:&quot;&quot;,&quot;element_title&quot;:&quot;&quot;,&quot;element_title_tag&quot;:&quot;h4&quot;,&quot;parts_media&quot;:true,&quot;parts_title&quot;:&quot;1&quot;,&quot;parts_meta&quot;:&quot;&quot;,&quot;parts_text&quot;:&quot;&quot;,&quot;parts_btn&quot;:&quot;1&quot;,&quot;parts_published_date&quot;:&quot;1&quot;,&quot;img_size&quot;:&quot;custom&quot;,&quot;blog_design&quot;:&quot;masonry&quot;,&quot;blog_carousel_design&quot;:null,&quot;blog_masonry&quot;:&quot;1&quot;,&quot;blog_columns&quot;:{&quot;unit&quot;:&quot;px&quot;,&quot;size&quot;:4,&quot;sizes&quot;:[]},&quot;blog_columns_tablet&quot;:{&quot;size&quot;:&quot;&quot;},&quot;blog_columns_mobile&quot;:{&quot;size&quot;:&quot;&quot;},&quot;blog_spacing&quot;:&quot;&quot;,&quot;blog_spacing_tablet&quot;:&quot;&quot;,&quot;blog_spacing_mobile&quot;:&quot;&quot;,&quot;pagination&quot;:&quot;&quot;,&quot;speed&quot;:null,&quot;slides_per_view&quot;:null,&quot;slides_per_view_tablet&quot;:{&quot;size&quot;:&quot;&quot;},&quot;slides_per_view_mobile&quot;:{&quot;size&quot;:&quot;&quot;},&quot;wrap&quot;:null,&quot;autoplay&quot;:null,&quot;hide_pagination_control&quot;:null,&quot;hide_prev_next_buttons&quot;:null,&quot;scroll_per_page&quot;:null,&quot;lazy_loading&quot;:&quot;no&quot;,&quot;scroll_carousel_init&quot;:null,&quot;ajax_page&quot;:&quot;&quot;,&quot;custom_sizes&quot;:false,&quot;elementor&quot;:true}\" data-source=\"shortcode\" style=\"--wd-col-lg:4;--wd-col-md:4;--wd-col-sm:1;--wd-gap-lg:20px;--wd-gap-sm:10px;\">\n\t\t\t\n\t\t\t\t\t\t\t\t\t\t\t\t\t\t\n<article id=\"post-32946\" class=\"wd-post blog-design-masonry blog-post-loop blog-style-bg wd-add-shadow wd-col post-32946 post type-post status-publish format-standard has-post-thumbnail hentry category-haberler\">\n\t<div class=\"wd-post-inner article-inner\">\n\t\t\t\t\t<div class=\"wd-post-thumb entry-header\">\n\t\t\t\t\t\t\t\t\t<div class=\"wd-post-img post-img-wrapp\">\n\t\t\t\t\t\t<img fetchpriority=\"high\" decoding=\"async\" width=\"400\" height=\"400\" src=\"https:\/\/www.arzenox.com\/wp-content\/uploads\/2025\/09\/paslanmaz-mil-1200x800-1-400x400.jpg\" class=\"attachment-400x400 size-400x400\" alt=\"\" srcset=\"https:\/\/www.arzenox.com\/wp-content\/uploads\/2025\/09\/paslanmaz-mil-1200x800-1-400x400.jpg 400w, https:\/\/www.arzenox.com\/wp-content\/uploads\/2025\/09\/paslanmaz-mil-1200x800-1-150x150.jpg 150w\" sizes=\"(max-width: 400px) 100vw, 400px\" \/>\t\t\t\t\t<\/div>\n\t\t\t\t\t<a class=\"wd-fill\" href=\"https:\/\/www.arzenox.com\/en\/paslanmaz-celik-dolu-mil-ve-levha-sac-urunlerimiz-artik-stoklarimizda\/\"><\/a>\n\t\t\t\t\n\t\t\t\t\t\t\t\t\t\t\t\t<div class=\"wd-post-date wd-style-with-bg\">\n\t\t\t\t<span class=\"post-date-day\">\n\t\t\t\t\t17\t\t\t\t<\/span>\n\t\t\t\t<span class=\"post-date-month\">\n\t\t\t\t\tSep\t\t\t\t<\/span>\n\t\t\t<\/div>\n\t\t\t\t\t\t\t\t\t<\/div>\n\t\t\n\t\t<div class=\"wd-post-content article-body-container\">\n\t\t\t\n\t\t\t\t\t\t\t<h3 class=\"wd-post-title wd-entities-title title post-title\">\n\t\t\t\t\t<a href=\"https:\/\/www.arzenox.com\/en\/paslanmaz-celik-dolu-mil-ve-levha-sac-urunlerimiz-artik-stoklarimizda\/\" rel=\"bookmark\">Our products are now in stock a full mile of stainless steel and sheet metal<\/a>\n\t\t\t\t<\/h3>\n\t\t\t\n\t\t\t\n\t\t\t\t\t\t\t\n\t\t\t\t\t\t\t\t\t\t\t\t\t\t<div class=\"wd-post-read-more wd-style-link read-more-section\">\n\t\t\t\t\t\t<a class=\"\" href=\"https:\/\/www.arzenox.com\/en\/paslanmaz-celik-dolu-mil-ve-levha-sac-urunlerimiz-artik-stoklarimizda\/\">Continue reading<\/a>\t\t\t\t\t<\/div>\n\t\t\t\t\t\t\t\t\t\t\t\t\t<\/div>\n\t<\/div>\n<\/article>\n\n\t\t\t\t\t\t\t\t\t\t\t\t\t\t\n<article id=\"post-32943\" class=\"wd-post blog-design-masonry blog-post-loop blog-style-bg wd-add-shadow wd-col post-32943 post type-post status-publish format-standard has-post-thumbnail hentry category-haberler\">\n\t<div class=\"wd-post-inner article-inner\">\n\t\t\t\t\t<div class=\"wd-post-thumb entry-header\">\n\t\t\t\t\t\t\t\t\t<div class=\"wd-post-img post-img-wrapp\">\n\t\t\t\t\t\t<img decoding=\"async\" width=\"400\" height=\"400\" src=\"https:\/\/www.arzenox.com\/wp-content\/uploads\/2025\/09\/d67dbpaslanmaz-boru-400x400.jpg\" class=\"attachment-400x400 size-400x400\" alt=\"\" srcset=\"https:\/\/www.arzenox.com\/wp-content\/uploads\/2025\/09\/d67dbpaslanmaz-boru-400x400.jpg 400w, https:\/\/www.arzenox.com\/wp-content\/uploads\/2025\/09\/d67dbpaslanmaz-boru-150x150.jpg 150w\" sizes=\"(max-width: 400px) 100vw, 400px\" \/>\t\t\t\t\t<\/div>\n\t\t\t\t\t<a class=\"wd-fill\" href=\"https:\/\/www.arzenox.com\/en\/arzenoxtan-projelere-hizli-teslimat-destegi\/\"><\/a>\n\t\t\t\t\n\t\t\t\t\t\t\t\t\t\t\t\t<div class=\"wd-post-date wd-style-with-bg\">\n\t\t\t\t<span class=\"post-date-day\">\n\t\t\t\t\t17\t\t\t\t<\/span>\n\t\t\t\t<span class=\"post-date-month\">\n\t\t\t\t\tSep\t\t\t\t<\/span>\n\t\t\t<\/div>\n\t\t\t\t\t\t\t\t\t<\/div>\n\t\t\n\t\t<div class=\"wd-post-content article-body-container\">\n\t\t\t\n\t\t\t\t\t\t\t<h3 class=\"wd-post-title wd-entities-title title post-title\">\n\t\t\t\t\t<a href=\"https:\/\/www.arzenox.com\/en\/arzenoxtan-projelere-hizli-teslimat-destegi\/\" rel=\"bookmark\">Support For Projects From Arzenox, Fast Delivery<\/a>\n\t\t\t\t<\/h3>\n\t\t\t\n\t\t\t\n\t\t\t\t\t\t\t\n\t\t\t\t\t\t\t\t\t\t\t\t\t\t<div class=\"wd-post-read-more wd-style-link read-more-section\">\n\t\t\t\t\t\t<a class=\"\" href=\"https:\/\/www.arzenox.com\/en\/arzenoxtan-projelere-hizli-teslimat-destegi\/\">Continue reading<\/a>\t\t\t\t\t<\/div>\n\t\t\t\t\t\t\t\t\t\t\t\t\t<\/div>\n\t<\/div>\n<\/article>\n\n\t\t\t\t\t\t\t\t\t\t\t\t\t\t\n<article id=\"post-32941\" class=\"wd-post blog-design-masonry blog-post-loop blog-style-bg wd-add-shadow wd-col post-32941 post type-post status-publish format-standard has-post-thumbnail hentry category-haberler\">\n\t<div class=\"wd-post-inner article-inner\">\n\t\t\t\t\t<div class=\"wd-post-thumb entry-header\">\n\t\t\t\t\t\t\t\t\t<div class=\"wd-post-img post-img-wrapp\">\n\t\t\t\t\t\t<img decoding=\"async\" width=\"400\" height=\"400\" src=\"https:\/\/www.arzenox.com\/wp-content\/uploads\/2025\/09\/iso-standartlari-400x400.webp\" class=\"attachment-400x400 size-400x400\" alt=\"\" srcset=\"https:\/\/www.arzenox.com\/wp-content\/uploads\/2025\/09\/iso-standartlari-400x400.webp 400w, https:\/\/www.arzenox.com\/wp-content\/uploads\/2025\/09\/iso-standartlari-150x150.webp 150w\" sizes=\"(max-width: 400px) 100vw, 400px\" \/>\t\t\t\t\t<\/div>\n\t\t\t\t\t<a class=\"wd-fill\" href=\"https:\/\/www.arzenox.com\/en\/arzenox-kalite-belgelerini-yeniledi\/\"><\/a>\n\t\t\t\t\n\t\t\t\t\t\t\t\t\t\t\t\t<div class=\"wd-post-date wd-style-with-bg\">\n\t\t\t\t<span class=\"post-date-day\">\n\t\t\t\t\t17\t\t\t\t<\/span>\n\t\t\t\t<span class=\"post-date-month\">\n\t\t\t\t\tSep\t\t\t\t<\/span>\n\t\t\t<\/div>\n\t\t\t\t\t\t\t\t\t<\/div>\n\t\t\n\t\t<div class=\"wd-post-content article-body-container\">\n\t\t\t\n\t\t\t\t\t\t\t<h3 class=\"wd-post-title wd-entities-title title post-title\">\n\t\t\t\t\t<a href=\"https:\/\/www.arzenox.com\/en\/arzenox-kalite-belgelerini-yeniledi\/\" rel=\"bookmark\">Renewed Quality Documents Arzenox<\/a>\n\t\t\t\t<\/h3>\n\t\t\t\n\t\t\t\n\t\t\t\t\t\t\t\n\t\t\t\t\t\t\t\t\t\t\t\t\t\t<div class=\"wd-post-read-more wd-style-link read-more-section\">\n\t\t\t\t\t\t<a class=\"\" href=\"https:\/\/www.arzenox.com\/en\/arzenox-kalite-belgelerini-yeniledi\/\">Continue reading<\/a>\t\t\t\t\t<\/div>\n\t\t\t\t\t\t\t\t\t\t\t\t\t<\/div>\n\t<\/div>\n<\/article>\n\n\t\t\t\t\t\t\t\t\t\t\t\t\t\t\n<article id=\"post-1522\" class=\"wd-post blog-design-masonry blog-post-loop blog-style-bg wd-add-shadow wd-col post-1522 post type-post status-publish format-standard has-post-thumbnail hentry category-haberler\">\n\t<div class=\"wd-post-inner article-inner\">\n\t\t\t\t\t<div class=\"wd-post-thumb entry-header\">\n\t\t\t\t\t\t\t\t\t<div class=\"wd-post-img post-img-wrapp\">\n\t\t\t\t\t\t<img loading=\"lazy\" decoding=\"async\" width=\"400\" height=\"400\" src=\"https:\/\/www.arzenox.com\/wp-content\/uploads\/2025\/04\/5-1-1024x768-1-400x400.webp\" class=\"attachment-400x400 size-400x400\" alt=\"\" srcset=\"https:\/\/www.arzenox.com\/wp-content\/uploads\/2025\/04\/5-1-1024x768-1-400x400.webp 400w, https:\/\/www.arzenox.com\/wp-content\/uploads\/2025\/04\/5-1-1024x768-1-150x150.webp 150w\" sizes=\"(max-width: 400px) 100vw, 400px\" \/>\t\t\t\t\t<\/div>\n\t\t\t\t\t<a class=\"wd-fill\" href=\"https:\/\/www.arzenox.com\/en\/yeni-nesil-paslanmaz-celik-vana-ve-cekvalf-cozumleri\/\"><\/a>\n\t\t\t\t\n\t\t\t\t\t\t\t\t\t\t\t\t<div class=\"wd-post-date wd-style-with-bg\">\n\t\t\t\t<span class=\"post-date-day\">\n\t\t\t\t\t24\t\t\t\t<\/span>\n\t\t\t\t<span class=\"post-date-month\">\n\t\t\t\t\tApr\t\t\t\t<\/span>\n\t\t\t<\/div>\n\t\t\t\t\t\t\t\t\t<\/div>\n\t\t\n\t\t<div class=\"wd-post-content article-body-container\">\n\t\t\t\n\t\t\t\t\t\t\t<h3 class=\"wd-post-title wd-entities-title title post-title\">\n\t\t\t\t\t<a href=\"https:\/\/www.arzenox.com\/en\/yeni-nesil-paslanmaz-celik-vana-ve-cekvalf-cozumleri\/\" rel=\"bookmark\">New generation valve and check valve stainless steel Solutions<\/a>\n\t\t\t\t<\/h3>\n\t\t\t\n\t\t\t\n\t\t\t\t\t\t\t\n\t\t\t\t\t\t\t\t\t\t\t\t\t\t<div class=\"wd-post-read-more wd-style-link read-more-section\">\n\t\t\t\t\t\t<a class=\"\" href=\"https:\/\/www.arzenox.com\/en\/yeni-nesil-paslanmaz-celik-vana-ve-cekvalf-cozumleri\/\">Continue reading<\/a>\t\t\t\t\t<\/div>\n\t\t\t\t\t\t\t\t\t\t\t\t\t<\/div>\n\t<\/div>\n<\/article>\n\n\t\t\t\t\n\t\t\t\t\t\t\t\t<\/div>\n\t\t\t\n\t\t\t\t\t\t\t\t\t\t<\/div>\n\t\t\t\t\t\t\t\t\t\t<\/div>\n\t\t\t\t<\/div>\n\t\t\t\t\t<\/div>\n\t\t\t\t<\/div>\n\t\t\t\t<\/div>","protected":false},"excerpt":{"rendered":"<p>17 Eyl Paslanmaz \u00c7elik Dolu Mil ve Levha Sac \u00dcr\u00fcnlerimiz Art\u0131k Stoklar\u0131m\u0131zda Okumaya devam et 17 Eyl Arzenox\u2019tan Projelere H\u0131zl\u0131<\/p>","protected":false},"author":3,"featured_media":0,"parent":0,"menu_order":0,"comment_status":"closed","ping_status":"closed","template":"","meta":{"footnotes":""},"class_list":["post-31928","page","type-page","status-publish","hentry"],"_links":{"self":[{"href":"https:\/\/www.arzenox.com\/en\/wp-json\/wp\/v2\/pages\/31928","targetHints":{"allow":["GET"]}}],"collection":[{"href":"https:\/\/www.arzenox.com\/en\/wp-json\/wp\/v2\/pages"}],"about":[{"href":"https:\/\/www.arzenox.com\/en\/wp-json\/wp\/v2\/types\/page"}],"author":[{"embeddable":true,"href":"https:\/\/www.arzenox.com\/en\/wp-json\/wp\/v2\/users\/3"}],"replies":[{"embeddable":true,"href":"https:\/\/www.arzenox.com\/en\/wp-json\/wp\/v2\/comments?post=31928"}],"version-history":[{"count":12,"href":"https:\/\/www.arzenox.com\/en\/wp-json\/wp\/v2\/pages\/31928\/revisions"}],"predecessor-version":[{"id":33555,"href":"https:\/\/www.arzenox.com\/en\/wp-json\/wp\/v2\/pages\/31928\/revisions\/33555"}],"wp:attachment":[{"href":"https:\/\/www.arzenox.com\/en\/wp-json\/wp\/v2\/media?parent=31928"}],"curies":[{"name":"wp","href":"https:\/\/api.w.org\/{rel}","templated":true}]}}