{"id":32038,"date":"2025-09-16T12:42:04","date_gmt":"2025-09-16T09:42:04","guid":{"rendered":"https:\/\/arzenox.com\/?page_id=32038"},"modified":"2025-09-25T00:29:19","modified_gmt":"2025-09-24T21:29:19","slug":"misyon-vizyon","status":"publish","type":"page","link":"https:\/\/www.arzenox.com\/en\/kurumsal\/misyon-vizyon\/","title":{"rendered":"Mission &amp; Vision"},"content":{"rendered":"<div data-elementor-type=\"wp-page\" data-elementor-id=\"32038\" class=\"elementor elementor-32038\">\n\t\t\t\t<div class=\"wd-negative-gap elementor-element elementor-element-317a7b0 e-flex e-con-boxed e-con e-parent\" data-id=\"317a7b0\" data-element_type=\"container\">\n\t\t\t\t\t<div class=\"e-con-inner\">\n\t\t<div class=\"elementor-element elementor-element-3aa738f e-con-full e-flex e-con e-child\" data-id=\"3aa738f\" data-element_type=\"container\">\n\t\t\t\t<div class=\"elementor-element elementor-element-1655c53 elementor-widget elementor-widget-wd_image_or_svg\" data-id=\"1655c53\" data-element_type=\"widget\" data-widget_type=\"wd_image_or_svg.default\">\n\t\t\t\t<div class=\"elementor-widget-container\">\n\t\t\t\t\t\n\t\t<div class=\"wd-image text-left\">\n\t\t\t\t\t\t\t\t<img fetchpriority=\"high\" decoding=\"async\" width=\"1920\" height=\"1282\" src=\"https:\/\/www.arzenox.com\/wp-content\/uploads\/2025\/09\/bakc2.jpg\" class=\"attachment-full size-full\" alt=\"\" srcset=\"https:\/\/www.arzenox.com\/wp-content\/uploads\/2025\/09\/bakc2.jpg 1920w, https:\/\/www.arzenox.com\/wp-content\/uploads\/2025\/09\/bakc2-400x267.jpg 400w, https:\/\/www.arzenox.com\/wp-content\/uploads\/2025\/09\/bakc2-1198x800.jpg 1198w, https:\/\/www.arzenox.com\/wp-content\/uploads\/2025\/09\/bakc2-768x513.jpg 768w, https:\/\/www.arzenox.com\/wp-content\/uploads\/2025\/09\/bakc2-1536x1026.jpg 1536w, https:\/\/www.arzenox.com\/wp-content\/uploads\/2025\/09\/bakc2-430x287.jpg 430w, https:\/\/www.arzenox.com\/wp-content\/uploads\/2025\/09\/bakc2-700x467.jpg 700w, https:\/\/www.arzenox.com\/wp-content\/uploads\/2025\/09\/bakc2-150x100.jpg 150w, https:\/\/www.arzenox.com\/wp-content\/uploads\/2025\/09\/bakc2-300x200.jpg 300w, https:\/\/www.arzenox.com\/wp-content\/uploads\/2025\/09\/bakc2-600x401.jpg 600w\" sizes=\"(max-width: 1920px) 100vw, 1920px\" \/>\t\t\t\t\t<\/div>\n\n\t\t\t\t\t\t<\/div>\n\t\t\t\t<\/div>\n\t\t\t\t<\/div>\n\t\t<div class=\"elementor-element elementor-element-640f7ed e-con-full e-flex e-con e-child\" data-id=\"640f7ed\" data-element_type=\"container\">\n\t\t\t\t<div class=\"elementor-element elementor-element-f234870 wd-width-100 elementor-widget elementor-widget-wd_title\" data-id=\"f234870\" data-element_type=\"widget\" data-widget_type=\"wd_title.default\">\n\t\t\t\t<div class=\"elementor-widget-container\">\n\t\t\t\t\t\t\t<div class=\"title-wrapper wd-set-mb reset-last-child wd-title-color-default wd-title-style-default wd-title-size-default text-left\">\n\n\t\t\t\n\t\t\t<div class=\"liner-continer\">\n\t\t\t\t<h2 class=\"woodmart-title-container title wd-fontsize-l\">Our mission<\/h2> \n\t\t\t\t\t\t\t<\/div>\n\n\t\t\t\t\t\t\t<div class=\"title-after_title reset-last-child wd-fontsize-xs\">\n\t\t\t\t\t<p>Arzenox \u00ae Stainless stainless steel products for the needs of the industrial enterprises of our mission to deliver the highest standards of quality, customer satisfaction is always at the top level to keep.<\/p><ul><li><p>That will improve the efficiency of our business partners reliable, long-lasting and develop sustainable solutions.<\/p><\/li><li><p>According to international standards add value to the sector with its production and supply processes.<\/p><\/li><li><p>Keep up with the most current technology and industry innovations, and efficient solutions our customers and always provide.<\/p><\/li><li><p>Our strong infrastructure inventory and fast delivery with our approach, our clients continuity of support.<\/p><\/li><\/ul><p>In short, it is not just a product provider; plays an active role in the development of our business partners strive to be a strategic solution partner.<\/p>\t\t\t\t<\/div>\n\t\t\t\t\t<\/div>\n\t\t\t\t\t\t<\/div>\n\t\t\t\t<\/div>\n\t\t\t\t<\/div>\n\t\t\t\t\t<\/div>\n\t\t\t\t<\/div>\n\t\t<div class=\"wd-negative-gap elementor-element elementor-element-446aa7e e-flex e-con-boxed e-con e-parent\" data-id=\"446aa7e\" data-element_type=\"container\">\n\t\t\t\t\t<div class=\"e-con-inner\">\n\t\t<div class=\"elementor-element elementor-element-4d9ccb7 e-con-full e-flex e-con e-child\" data-id=\"4d9ccb7\" data-element_type=\"container\">\n\t\t\t\t<div class=\"elementor-element elementor-element-e018ffd elementor-widget elementor-widget-wd_image_or_svg\" data-id=\"e018ffd\" data-element_type=\"widget\" data-widget_type=\"wd_image_or_svg.default\">\n\t\t\t\t<div class=\"elementor-widget-container\">\n\t\t\t\t\t\n\t\t<div class=\"wd-image text-left\">\n\t\t\t\t\t\t\t\t<img fetchpriority=\"high\" decoding=\"async\" width=\"1920\" height=\"1282\" src=\"https:\/\/www.arzenox.com\/wp-content\/uploads\/2025\/09\/bakc2.jpg\" class=\"attachment-full size-full\" alt=\"\" srcset=\"https:\/\/www.arzenox.com\/wp-content\/uploads\/2025\/09\/bakc2.jpg 1920w, https:\/\/www.arzenox.com\/wp-content\/uploads\/2025\/09\/bakc2-400x267.jpg 400w, https:\/\/www.arzenox.com\/wp-content\/uploads\/2025\/09\/bakc2-1198x800.jpg 1198w, https:\/\/www.arzenox.com\/wp-content\/uploads\/2025\/09\/bakc2-768x513.jpg 768w, https:\/\/www.arzenox.com\/wp-content\/uploads\/2025\/09\/bakc2-1536x1026.jpg 1536w, https:\/\/www.arzenox.com\/wp-content\/uploads\/2025\/09\/bakc2-430x287.jpg 430w, https:\/\/www.arzenox.com\/wp-content\/uploads\/2025\/09\/bakc2-700x467.jpg 700w, https:\/\/www.arzenox.com\/wp-content\/uploads\/2025\/09\/bakc2-150x100.jpg 150w, https:\/\/www.arzenox.com\/wp-content\/uploads\/2025\/09\/bakc2-300x200.jpg 300w, https:\/\/www.arzenox.com\/wp-content\/uploads\/2025\/09\/bakc2-600x401.jpg 600w\" sizes=\"(max-width: 1920px) 100vw, 1920px\" \/>\t\t\t\t\t<\/div>\n\n\t\t\t\t\t\t<\/div>\n\t\t\t\t<\/div>\n\t\t\t\t<\/div>\n\t\t<div class=\"elementor-element elementor-element-f372f2b e-con-full e-flex e-con e-child\" data-id=\"f372f2b\" data-element_type=\"container\">\n\t\t\t\t<div class=\"elementor-element elementor-element-16bf640 wd-width-100 elementor-widget elementor-widget-wd_title\" data-id=\"16bf640\" data-element_type=\"widget\" data-widget_type=\"wd_title.default\">\n\t\t\t\t<div class=\"elementor-widget-container\">\n\t\t\t\t\t\t\t<div class=\"title-wrapper wd-set-mb reset-last-child wd-title-color-default wd-title-style-default wd-title-size-default text-left\">\n\n\t\t\t\n\t\t\t<div class=\"liner-continer\">\n\t\t\t\t<h2 class=\"woodmart-title-container title wd-fontsize-l\">Our vision<\/h2> \n\t\t\t\t\t\t\t<\/div>\n\n\t\t\t\t\t\t\t<div class=\"title-after_title reset-last-child wd-fontsize-xs\">\n\t\t\t\t\t<p>Arzenox \u00ae vision stainless steel, stainless steel in the industry for reliability, quality and innovation is to become a leading brand in the arena for its national and international.<\/p><ul><li><p>Providing technology direction in the sector with innovative solutions to be a brand that makes a difference.<\/p><\/li><li><p>Customer-focused approach through to be the first choice of business partners.<\/p><\/li><li><p>In the global market, competitive, sustainable and reliable solutions.<\/p><\/li><li><p>Powerful in shaping the future of the industry a \u201ctechnical partner\u201d leave a permanent mark in the industry.<\/p><\/li><\/ul><p>We not only meets today's needs, we aim to be a brand of the future, which stipulates the industry standards.<\/p>\t\t\t\t<\/div>\n\t\t\t\t\t<\/div>\n\t\t\t\t\t\t<\/div>\n\t\t\t\t<\/div>\n\t\t\t\t<\/div>\n\t\t\t\t\t<\/div>\n\t\t\t\t<\/div>\n\t\t\t\t<\/div>","protected":false},"excerpt":{"rendered":"<p>Misyonumuz Arzenox \u00ae Paslanmaz olarak misyonumuz; end\u00fcstriyel i\u015fletmelerin ihtiya\u00e7 duydu\u011fu paslanmaz \u00e7elik \u00fcr\u00fcnlerini en y\u00fcksek kalite standartlar\u0131nda sunmak, m\u00fc\u015fteri memnuniyetini<\/p>","protected":false},"author":2,"featured_media":0,"parent":4400,"menu_order":0,"comment_status":"closed","ping_status":"closed","template":"","meta":{"footnotes":""},"class_list":["post-32038","page","type-page","status-publish","hentry"],"_links":{"self":[{"href":"https:\/\/www.arzenox.com\/en\/wp-json\/wp\/v2\/pages\/32038","targetHints":{"allow":["GET"]}}],"collection":[{"href":"https:\/\/www.arzenox.com\/en\/wp-json\/wp\/v2\/pages"}],"about":[{"href":"https:\/\/www.arzenox.com\/en\/wp-json\/wp\/v2\/types\/page"}],"author":[{"embeddable":true,"href":"https:\/\/www.arzenox.com\/en\/wp-json\/wp\/v2\/users\/2"}],"replies":[{"embeddable":true,"href":"https:\/\/www.arzenox.com\/en\/wp-json\/wp\/v2\/comments?post=32038"}],"version-history":[{"count":17,"href":"https:\/\/www.arzenox.com\/en\/wp-json\/wp\/v2\/pages\/32038\/revisions"}],"predecessor-version":[{"id":33531,"href":"https:\/\/www.arzenox.com\/en\/wp-json\/wp\/v2\/pages\/32038\/revisions\/33531"}],"up":[{"embeddable":true,"href":"https:\/\/www.arzenox.com\/en\/wp-json\/wp\/v2\/pages\/4400"}],"wp:attachment":[{"href":"https:\/\/www.arzenox.com\/en\/wp-json\/wp\/v2\/media?parent=32038"}],"curies":[{"name":"wp","href":"https:\/\/api.w.org\/{rel}","templated":true}]}}