{"id":32060,"date":"2025-09-16T13:05:12","date_gmt":"2025-09-16T10:05:12","guid":{"rendered":"https:\/\/arzenox.com\/?page_id=32060"},"modified":"2025-09-27T16:15:30","modified_gmt":"2025-09-27T13:15:30","slug":"surdurulebilirlik","status":"publish","type":"page","link":"https:\/\/www.arzenox.com\/en\/kurumsal\/surdurulebilirlik\/","title":{"rendered":"Sustainability"},"content":{"rendered":"<div data-elementor-type=\"wp-page\" data-elementor-id=\"32060\" class=\"elementor elementor-32060\">\n\t\t\t\t<div class=\"wd-negative-gap elementor-element elementor-element-3c1da5c e-flex e-con-boxed e-con e-parent\" data-id=\"3c1da5c\" data-element_type=\"container\">\n\t\t\t\t\t<div class=\"e-con-inner\">\n\t\t<div class=\"elementor-element elementor-element-5f14f75 e-con-full e-flex e-con e-child\" data-id=\"5f14f75\" data-element_type=\"container\">\n\t\t\t\t<div class=\"elementor-element elementor-element-fa4ca61 elementor-widget elementor-widget-wd_image_or_svg\" data-id=\"fa4ca61\" data-element_type=\"widget\" data-widget_type=\"wd_image_or_svg.default\">\n\t\t\t\t<div class=\"elementor-widget-container\">\n\t\t\t\t\t\n\t\t<div class=\"wd-image text-left\">\n\t\t\t\t\t\t\t\t<img fetchpriority=\"high\" decoding=\"async\" width=\"1920\" height=\"1282\" src=\"https:\/\/www.arzenox.com\/wp-content\/uploads\/2025\/09\/bakc2.jpg\" class=\"attachment-full size-full\" alt=\"\" srcset=\"https:\/\/www.arzenox.com\/wp-content\/uploads\/2025\/09\/bakc2.jpg 1920w, https:\/\/www.arzenox.com\/wp-content\/uploads\/2025\/09\/bakc2-400x267.jpg 400w, https:\/\/www.arzenox.com\/wp-content\/uploads\/2025\/09\/bakc2-1198x800.jpg 1198w, https:\/\/www.arzenox.com\/wp-content\/uploads\/2025\/09\/bakc2-768x513.jpg 768w, https:\/\/www.arzenox.com\/wp-content\/uploads\/2025\/09\/bakc2-1536x1026.jpg 1536w, https:\/\/www.arzenox.com\/wp-content\/uploads\/2025\/09\/bakc2-430x287.jpg 430w, https:\/\/www.arzenox.com\/wp-content\/uploads\/2025\/09\/bakc2-700x467.jpg 700w, https:\/\/www.arzenox.com\/wp-content\/uploads\/2025\/09\/bakc2-150x100.jpg 150w, https:\/\/www.arzenox.com\/wp-content\/uploads\/2025\/09\/bakc2-300x200.jpg 300w, https:\/\/www.arzenox.com\/wp-content\/uploads\/2025\/09\/bakc2-600x401.jpg 600w\" sizes=\"(max-width: 1920px) 100vw, 1920px\" \/>\t\t\t\t\t<\/div>\n\n\t\t\t\t\t\t<\/div>\n\t\t\t\t<\/div>\n\t\t\t\t<\/div>\n\t\t<div class=\"elementor-element elementor-element-fa8b2b3 e-con-full e-flex e-con e-child\" data-id=\"fa8b2b3\" data-element_type=\"container\">\n\t\t\t\t<div class=\"elementor-element elementor-element-9803c20 wd-width-100 elementor-widget elementor-widget-wd_title\" data-id=\"9803c20\" data-element_type=\"widget\" data-widget_type=\"wd_title.default\">\n\t\t\t\t<div class=\"elementor-widget-container\">\n\t\t\t\t\t\t\t<div class=\"title-wrapper wd-set-mb reset-last-child wd-title-color-default wd-title-style-default wd-title-size-default text-left\">\n\n\t\t\t\n\t\t\t<div class=\"liner-continer\">\n\t\t\t\t<h2 class=\"woodmart-title-container title wd-fontsize-l\">Responsibility To The Future, Contributing To The Industry<\/h2> \n\t\t\t\t\t\t\t<\/div>\n\n\t\t\t\t\t\t\t<div class=\"title-after_title reset-last-child wd-fontsize-xs\">\n\t\t\t\t\t<p><strong>Arzenox \u00ae Stainless<\/strong> only, as do not meet the needs of the present; we are developing sustainable solutions that will add value to the future. For us, responsibility is not only an environmental sustainability; economic, social and industrial development which forms the basis of a strategic approach.<\/p><h2><b>Environmental Sustainability<\/b><\/h2><p>Due to the nature of stainless steel <span class=\"s2\"><b>recyclable<\/b><\/span>long lasting and environmentally friendly material. We also have this advantage, we use our procurement and production processes in the most efficient manner.<\/p><ul><li><p>We use modern technologies to reduce our energy consumption.<\/p><\/li><li><p>We act with the principle of zero loss in waste management.<\/p><\/li><li><p>We are making continuous improvements to reduce the carbon footprint of all our products.<\/p><\/li><li><p>Environmentally conscious logistics solutions, supply chain we are increasing our efficiency.<\/p><\/li><\/ul><p>Our aim is to contribute to the preservation of natural resources while meeting the needs of industrial businesses.<\/p><h2><b>Social Sustainability<\/b><\/h2><p><strong>Sustainability is not limited only to the environment.<\/strong> For us, our employees, our customers and the community is an important part of this process.<\/p><ul><li><p>Keeps it in the forefront of the development and safety of our employees, <span class=\"s1\"><b>Occupational Health and safety<\/b><\/span> complete sleep with the standards.<\/p><\/li><li><p>Training and continuous improvement programs, we are supporting our team to adapt to innovations in the industry.<\/p><\/li><li><p>Transparent with our clients, we are establishing trustworthy and long-term business partnerships.<\/p><\/li><li><p>We are focused on providing social benefits by supporting social projects.<\/p><\/li><\/ul><h2><b>Economic Sustainability<\/b><\/h2><p>Economic sustainability is a critical point to make the future of the industry is also strong.<\/p><ul><li><p>We support the continuation of our strong inventory structure and efficient supply chain to our customers.<\/p><\/li><li><p>Our R &amp; D investments, thanks to longer-lasting, more efficient and cost-effective solutions we offer.<\/p><\/li><li><p>We contribute to reduce the production costs of enterprises with technological innovation.<\/p><\/li><\/ul><h2><b>The Future Of Travel<\/b><\/h2><p>Our vision as Arzenox in the industry <span class=\"s2\"><b>Centre a leading brand of sustainability<\/b><\/span> it is to be. Our solutions not only meet the needs of today's and future generations, we aim to build an industry that will.<\/p><p>Nature, Society and our responsibility towards our business partners, we know. Our approach to sustainability, environmentally friendly production processes, long-lasting products and we continue to lead the industry with its ethical values.<\/p>\t\t\t\t<\/div>\n\t\t\t\t\t<\/div>\n\t\t\t\t\t\t<\/div>\n\t\t\t\t<\/div>\n\t\t\t\t<\/div>\n\t\t\t\t\t<\/div>\n\t\t\t\t<\/div>\n\t\t\t\t<\/div>","protected":false},"excerpt":{"rendered":"<p>Gelece\u011fe Sorumluluk, Sanayiye Katk\u0131 Arzenox \u00ae Paslanmaz olarak, sadece bug\u00fcn\u00fcn ihtiya\u00e7lar\u0131n\u0131 kar\u015f\u0131lamakla kalm\u0131yor; gelece\u011fe de\u011fer katacak s\u00fcrd\u00fcr\u00fclebilir \u00e7\u00f6z\u00fcmler geli\u015ftiriyoruz. Bizim<\/p>","protected":false},"author":2,"featured_media":0,"parent":4400,"menu_order":0,"comment_status":"closed","ping_status":"closed","template":"","meta":{"footnotes":""},"class_list":["post-32060","page","type-page","status-publish","hentry"],"_links":{"self":[{"href":"https:\/\/www.arzenox.com\/en\/wp-json\/wp\/v2\/pages\/32060","targetHints":{"allow":["GET"]}}],"collection":[{"href":"https:\/\/www.arzenox.com\/en\/wp-json\/wp\/v2\/pages"}],"about":[{"href":"https:\/\/www.arzenox.com\/en\/wp-json\/wp\/v2\/types\/page"}],"author":[{"embeddable":true,"href":"https:\/\/www.arzenox.com\/en\/wp-json\/wp\/v2\/users\/2"}],"replies":[{"embeddable":true,"href":"https:\/\/www.arzenox.com\/en\/wp-json\/wp\/v2\/comments?post=32060"}],"version-history":[{"count":16,"href":"https:\/\/www.arzenox.com\/en\/wp-json\/wp\/v2\/pages\/32060\/revisions"}],"predecessor-version":[{"id":33609,"href":"https:\/\/www.arzenox.com\/en\/wp-json\/wp\/v2\/pages\/32060\/revisions\/33609"}],"up":[{"embeddable":true,"href":"https:\/\/www.arzenox.com\/en\/wp-json\/wp\/v2\/pages\/4400"}],"wp:attachment":[{"href":"https:\/\/www.arzenox.com\/en\/wp-json\/wp\/v2\/media?parent=32060"}],"curies":[{"name":"wp","href":"https:\/\/api.w.org\/{rel}","templated":true}]}}