{"id":33255,"date":"2025-09-23T21:05:01","date_gmt":"2025-09-23T18:05:01","guid":{"rendered":"https:\/\/arzenox.com\/?page_id=33255"},"modified":"2025-09-23T21:55:18","modified_gmt":"2025-09-23T18:55:18","slug":"teklif-al","status":"publish","type":"page","link":"https:\/\/www.arzenox.com\/en\/teklif-al\/","title":{"rendered":"Buy Offer"},"content":{"rendered":"<div data-elementor-type=\"wp-page\" data-elementor-id=\"33255\" class=\"elementor elementor-33255\">\n\t\t\t\t<div class=\"wd-negative-gap elementor-element elementor-element-050c6d0 e-flex e-con-boxed e-con e-parent\" data-id=\"050c6d0\" data-element_type=\"container\">\n\t\t\t\t\t<div class=\"e-con-inner\">\n\t\t\t\t<div class=\"elementor-element elementor-element-b7a2795 wd-cf7 elementor-widget elementor-widget-wd_contact_form_7\" data-id=\"b7a2795\" data-element_type=\"widget\" data-widget_type=\"wd_contact_form_7.default\">\n\t\t\t\t<div class=\"elementor-widget-container\">\n\t\t\t\t\t\n<div class=\"wpcf7 no-js\" id=\"wpcf7-f33254-o1\" lang=\"tr-TR\" dir=\"ltr\" data-wpcf7-id=\"33254\">\n<div class=\"screen-reader-response\"><p role=\"status\" aria-live=\"polite\" aria-atomic=\"true\"><\/p> <ul><\/ul><\/div>\n<form action=\"\/en\/wp-json\/wp\/v2\/pages\/33255#wpcf7-f33254-o1\" method=\"post\" class=\"wpcf7-form init\" aria-label=\"\u0130leti\u015fim Formu\" novalidate=\"novalidate\" data-status=\"init\" data-trp-original-action=\"\/en\/wp-json\/wp\/v2\/pages\/33255#wpcf7-f33254-o1\">\n<fieldset class=\"hidden-fields-container\"><input type=\"hidden\" name=\"_wpcf7\" value=\"33254\" \/><input type=\"hidden\" name=\"_wpcf7_version\" value=\"6.1.1\" \/><input type=\"hidden\" name=\"_wpcf7_locale\" value=\"tr_TR\" \/><input type=\"hidden\" name=\"_wpcf7_unit_tag\" value=\"wpcf7-f33254-o1\" \/><input type=\"hidden\" name=\"_wpcf7_container_post\" value=\"0\" \/><input type=\"hidden\" name=\"_wpcf7_posted_data_hash\" value=\"\" \/><input type=\"hidden\" name=\"_uacf7_hidden_conditional_fields\" value=\"\" \/>\n<\/fieldset>\n<div class=\"uacf7-form-wrapper-container uacf7-form-33254\"><div class=\"row\">\n  <p class=\"col-md-6\">\n    <label>Full Name *<\/label>\n    <span class=\"wpcf7-form-control-wrap\" data-name=\"isim\"><input size=\"40\" maxlength=\"400\" class=\"wpcf7-form-control wpcf7-text wpcf7-validates-as-required\" aria-required=\"true\" aria-invalid=\"false\" placeholder=\"Your Name And Surname\" value=\"\" type=\"text\" name=\"isim\" \/><\/span>\n  <\/p>\n  <p class=\"col-md-6\">\n    <label>E-Mail *<\/label>\n    <span class=\"wpcf7-form-control-wrap\" data-name=\"email\"><input size=\"40\" maxlength=\"400\" class=\"wpcf7-form-control wpcf7-email wpcf7-validates-as-required wpcf7-text wpcf7-validates-as-email\" aria-required=\"true\" aria-invalid=\"false\" placeholder=\"ornek@mail.com\" value=\"\" type=\"email\" name=\"email\" \/><\/span>\n  <\/p>\n<\/div>\n\n<div class=\"row\">\n  <p class=\"col-md-6\">\n    <label>Phone Number *<\/label>\n    <span class=\"wpcf7-form-control-wrap\" data-name=\"telefon\"><input size=\"40\" maxlength=\"400\" class=\"wpcf7-form-control wpcf7-tel wpcf7-validates-as-required wpcf7-text wpcf7-validates-as-tel\" aria-required=\"true\" aria-invalid=\"false\" placeholder=\"+90 5xx xxx xx xx\" value=\"\" type=\"tel\" name=\"telefon\" \/><\/span>\n  <\/p>\n  <p class=\"col-md-6\">\n    <label>Company Name<\/label>\n    <span class=\"wpcf7-form-control-wrap\" data-name=\"firma\"><input size=\"40\" maxlength=\"400\" class=\"wpcf7-form-control wpcf7-text\" aria-invalid=\"false\" placeholder=\"Firma ad\u0131n\u0131z\u0131 giriniz\" value=\"\" type=\"text\" name=\"firma\" \/><\/span>\n  <\/p>\n<\/div>\n\n<div class=\"row\">\n  <p class=\"col-md-6\">\n    <label>Talep Edilen \u00dcr\u00fcn *<\/label>\n    <span class=\"wpcf7-form-control-wrap\" data-name=\"urun\"><select class=\"wpcf7-form-control wpcf7-select wpcf7-validates-as-required\" aria-required=\"true\" aria-invalid=\"false\" name=\"urun\"><option value=\"\">&#8212;L\u00fctfen bir se\u00e7enek se\u00e7in&#8212;<\/option><option value=\"Paslanmaz Sac\">Paslanmaz Sac<\/option><option value=\"Paslanmaz Boru\">Paslanmaz Boru<\/option><option value=\"Paslanmaz \u00c7ubuk\">Paslanmaz \u00c7ubuk<\/option><option value=\"Paslanmaz Profil\">Paslanmaz Profil<\/option><option value=\"Di\u011fer\">Other<\/option><\/select><\/span>\n  <\/p>\n  <p class=\"col-md-6\">\n    <label>Miktar *<\/label>\n    <span class=\"wpcf7-form-control-wrap\" data-name=\"miktar\"><input class=\"wpcf7-form-control wpcf7-number wpcf7-validates-as-required wpcf7-validates-as-number\" aria-required=\"true\" aria-invalid=\"false\" placeholder=\"Adet veya kg\" value=\"\" type=\"number\" name=\"miktar\" \/><\/span>\n  <\/p>\n<\/div>\n\n<div class=\"row\">\n  <p class=\"col-md-12\">\n    <label>Measurements<\/label>\n    <span class=\"wpcf7-form-control-wrap\" data-name=\"olcu\"><input size=\"40\" maxlength=\"400\" class=\"wpcf7-form-control wpcf7-text\" aria-invalid=\"false\" placeholder=\"\u00d6rnek: 2000x1000 mm - 10 Adet\" value=\"\" type=\"text\" name=\"olcu\" \/><\/span>\n  <\/p>\n<\/div>\n\n<div class=\"row\">\n  <p class=\"col-md-12\">\n    <label>Your message<\/label>\n    <span class=\"wpcf7-form-control-wrap\" data-name=\"aciklama\"><textarea cols=\"40\" rows=\"10\" maxlength=\"2000\" class=\"wpcf7-form-control wpcf7-textarea\" aria-invalid=\"false\" placeholder=\"Teklif talebinizle ilgili ek bilgileri yaz\u0131n\u0131z...\" name=\"aciklama\"><\/textarea><\/span>\n  <\/p>\n<\/div>\n\n\n<div class=\"row\">\n  <p class=\"col-md-12\">\n    <span class=\"wpcf7-form-control-wrap\" data-name=\"kvkk\"><span class=\"wpcf7-form-control wpcf7-acceptance\"><span class=\"wpcf7-list-item\"><input type=\"checkbox\" name=\"kvkk\" value=\"1\" aria-invalid=\"false\" \/><\/span><\/span><\/span> I consent to the processing of my personal data.\n  <\/p>\n<\/div>\n\n<p><input class=\"wpcf7-form-control wpcf7-submit has-spinner btn-color-black\" type=\"submit\" value=\"TEKL\u0130F AL\" \/><\/p><\/div><div class=\"wpcf7-response-output\" aria-hidden=\"true\"><\/div>\n<input type=\"hidden\" name=\"trp-form-language\" value=\"en\"\/><\/form>\n<\/div>\n\t\t\t\t<\/div>\n\t\t\t\t<\/div>\n\t\t\t\t\t<\/div>\n\t\t\t\t<\/div>\n\t\t\t\t<\/div>","protected":false},"excerpt":{"rendered":"<p>\u0130sim Soyisim * E-Posta * Telefon Numaras\u0131 * \u015eirket \u0130smi Talep Edilen \u00dcr\u00fcn * &#8212;L\u00fctfen bir se\u00e7enek se\u00e7in&#8212;Paslanmaz SacPaslanmaz BoruPaslanmaz<\/p>","protected":false},"author":3,"featured_media":0,"parent":0,"menu_order":0,"comment_status":"closed","ping_status":"closed","template":"","meta":{"footnotes":""},"class_list":["post-33255","page","type-page","status-publish","hentry"],"_links":{"self":[{"href":"https:\/\/www.arzenox.com\/en\/wp-json\/wp\/v2\/pages\/33255","targetHints":{"allow":["GET"]}}],"collection":[{"href":"https:\/\/www.arzenox.com\/en\/wp-json\/wp\/v2\/pages"}],"about":[{"href":"https:\/\/www.arzenox.com\/en\/wp-json\/wp\/v2\/types\/page"}],"author":[{"embeddable":true,"href":"https:\/\/www.arzenox.com\/en\/wp-json\/wp\/v2\/users\/3"}],"replies":[{"embeddable":true,"href":"https:\/\/www.arzenox.com\/en\/wp-json\/wp\/v2\/comments?post=33255"}],"version-history":[{"count":8,"href":"https:\/\/www.arzenox.com\/en\/wp-json\/wp\/v2\/pages\/33255\/revisions"}],"predecessor-version":[{"id":33316,"href":"https:\/\/www.arzenox.com\/en\/wp-json\/wp\/v2\/pages\/33255\/revisions\/33316"}],"wp:attachment":[{"href":"https:\/\/www.arzenox.com\/en\/wp-json\/wp\/v2\/media?parent=33255"}],"curies":[{"name":"wp","href":"https:\/\/api.w.org\/{rel}","templated":true}]}}