{"id":33402,"date":"2025-09-24T16:26:00","date_gmt":"2025-09-24T13:26:00","guid":{"rendered":"https:\/\/arzenox.com\/?page_id=33402"},"modified":"2025-09-27T17:33:26","modified_gmt":"2025-09-27T14:33:26","slug":"paslanmaz-disli-baglanti-elemanlari","status":"publish","type":"page","link":"https:\/\/www.arzenox.com\/en\/urunler\/paslanmaz-disli-baglanti-elemanlari\/","title":{"rendered":"Stainless Threaded Fasteners"},"content":{"rendered":"<div data-elementor-type=\"wp-page\" data-elementor-id=\"33402\" class=\"elementor elementor-33402\">\n\t\t\t\t<div class=\"wd-negative-gap elementor-element elementor-element-9cb247e e-flex e-con-boxed e-con e-parent\" data-id=\"9cb247e\" data-element_type=\"container\">\n\t\t\t\t\t<div class=\"e-con-inner\">\n\t\t<div class=\"elementor-element elementor-element-95317f2 e-con-full e-flex e-con e-child\" data-id=\"95317f2\" data-element_type=\"container\">\n\t\t\t\t<div class=\"elementor-element elementor-element-f648111 elementor-widget elementor-widget-wd_text_block\" data-id=\"f648111\" data-element_type=\"widget\" data-widget_type=\"wd_text_block.default\">\n\t\t\t\t<div class=\"elementor-widget-container\">\n\t\t\t\t\t\t\t<div class=\"wd-text-block reset-last-child text-left color-title\">\n\t\t\t\n\t\t\t<p><a name=\"celikdikisli\"><\/a><\/p><h1 class=\"s6\"><span class=\"s9\">Stainless Threaded Fasteners<br \/><\/span><\/h1><p class=\"s3\"><strong><span class=\"s2\">Stainless<\/span><span class=\"s2\">(Chrome)<\/span><\/strong><span class=\"s2\"><strong> threaded fasteners<\/strong>mechanical systems that require high precision and durability in the transmission of the rotational movement of the steering torque and speed control are critical components that perform basic functions such as. This element <strong>stainless steel<\/strong> offers long lasting performance and superior corrosion resistance owing to the challenging environmental conditions maximum reliability.<\/span><\/p><p class=\"s3\"><span class=\"s2\"><strong>Arzenox<\/strong> offered by fastener solutions are designed to provide stable operation in both static and dynamic applications. <strong>High machinability, wear resistance and surface quality<\/strong>both these components makes them ideal for applications in heavy-duty industrial and precision motion systems.<\/span><\/p><h3 class=\"s3\"><strong><span class=\"s2\">The Main Areas Of Application:<\/span><\/strong><\/h3><div class=\"s10\"><span class=\"s9\">\u2022 <\/span><span class=\"s2\">Power and propulsion systems<\/span><\/div><div class=\"s10\"><span class=\"s9\">\u2022 <\/span><span class=\"s2\">Industrial automation lines<\/span><\/div><div class=\"s10\"><span class=\"s9\">\u2022 <\/span><span class=\"s2\">Gearbox and drivetrain<\/span><\/div><div class=\"s10\"><span class=\"s9\">\u2022 <\/span><span class=\"s2\">Medical and precision mechanism systems<\/span><\/div><div class=\"s10\"><span class=\"s9\">\u2022 <\/span><span class=\"s2\">Food, hygienic connection requirements in the chemical and process industries<\/span><\/div><div>\u00a0<\/div><p class=\"s3\"><span class=\"s2\"><strong>Arzenox,<\/strong> the broadest measure and manufactured in accordance with international standards with options in the form <strong>stainless<\/strong><\/span><span class=\"s2\">(Chrome)<\/span><span class=\"s2\"> threaded fasteners has it in stock. <strong>Sensitivity to your projects<\/strong>efficiency and long-term solutions that meet performance expectations for <\/span><span class=\"s2\"><strong>a reliable business partner<\/strong>.<\/span><\/p>\n\t\t\t\t\t<\/div>\n\t\t\t\t\t\t<\/div>\n\t\t\t\t<\/div>\n\t\t\t\t<\/div>\n\t\t<div class=\"elementor-element elementor-element-0fd6400 e-con-full e-flex e-con e-child\" data-id=\"0fd6400\" data-element_type=\"container\">\n\t\t\t\t<div class=\"elementor-element elementor-element-1c97563 elementor-widget elementor-widget-wd_image_or_svg\" data-id=\"1c97563\" data-element_type=\"widget\" data-widget_type=\"wd_image_or_svg.default\">\n\t\t\t\t<div class=\"elementor-widget-container\">\n\t\t\t\t\t\n\t\t<div class=\"wd-image text-left\">\n\t\t\t\t\t\t\t\t<img fetchpriority=\"high\" decoding=\"async\" width=\"600\" height=\"800\" src=\"https:\/\/www.arzenox.com\/wp-content\/uploads\/2025\/09\/paslanmazdisli.webp\" class=\"attachment-full size-full\" alt=\"\" srcset=\"https:\/\/www.arzenox.com\/wp-content\/uploads\/2025\/09\/paslanmazdisli.webp 600w, https:\/\/www.arzenox.com\/wp-content\/uploads\/2025\/09\/paslanmazdisli-225x300.webp 225w, https:\/\/www.arzenox.com\/wp-content\/uploads\/2025\/09\/paslanmazdisli-430x573.webp 430w, https:\/\/www.arzenox.com\/wp-content\/uploads\/2025\/09\/paslanmazdisli-150x200.webp 150w\" sizes=\"(max-width: 600px) 100vw, 600px\" \/>\t\t\t\t\t<\/div>\n\n\t\t\t\t\t\t<\/div>\n\t\t\t\t<\/div>\n\t\t\t\t<\/div>\n\t\t\t\t\t<\/div>\n\t\t\t\t<\/div>\n\t\t<div class=\"wd-negative-gap elementor-element elementor-element-fd37036 wd-section-stretch e-grid e-con-boxed e-con e-parent\" data-id=\"fd37036\" data-element_type=\"container\" data-settings=\"{&quot;background_background&quot;:&quot;classic&quot;}\">\n\t\t\t\t\t<div class=\"e-con-inner\">\n\t\t\t\t<div class=\"elementor-element elementor-element-e72a765 gallery-spacing-custom elementor-widget elementor-widget-image-gallery\" data-id=\"e72a765\" data-element_type=\"widget\" data-widget_type=\"image-gallery.default\">\n\t\t\t\t<div class=\"elementor-widget-container\">\n\t\t\t\t\t\t\t<div class=\"elementor-image-gallery\">\n\t\t\t\n\t\t<style type=\"text\/css\">\n\t\t\t#gallery-1 {\n\t\t\t\tmargin: auto;\n\t\t\t}\n\t\t\t#gallery-1 .gallery-item {\n\t\t\t\tfloat: left;\n\t\t\t\tmargin-top: 10px;\n\t\t\t\ttext-align: center;\n\t\t\t\twidth: 33%;\n\t\t\t}\n\t\t\t#gallery-1 img {\n\t\t\t\tborder: 2px solid #cfcfcf;\n\t\t\t}\n\t\t\t#gallery-1 .gallery-caption {\n\t\t\t\tmargin-left: 0;\n\t\t\t}\n\t\t\t\/* see gallery_shortcode() in wp-includes\/media.php *\/\n\t\t<\/style>\n\t\t<div id='gallery-1' class='gallery galleryid-33402 gallery-columns-3 gallery-size-full'><dl class='gallery-item'>\n\t\t\t<dt class='gallery-icon landscape'>\n\t\t\t\t<a data-elementor-open-lightbox=\"no\" href='https:\/\/www.arzenox.com\/wp-content\/uploads\/2025\/09\/paslanmaz6.png'><img decoding=\"async\" width=\"400\" height=\"400\" src=\"https:\/\/www.arzenox.com\/wp-content\/uploads\/2025\/09\/paslanmaz6.png\" class=\"attachment-full size-full\" alt=\"\" srcset=\"https:\/\/www.arzenox.com\/wp-content\/uploads\/2025\/09\/paslanmaz6.png 400w, https:\/\/www.arzenox.com\/wp-content\/uploads\/2025\/09\/paslanmaz6-300x300.png 300w, https:\/\/www.arzenox.com\/wp-content\/uploads\/2025\/09\/paslanmaz6-150x150.png 150w\" sizes=\"(max-width: 400px) 100vw, 400px\" \/><\/a>\n\t\t\t<\/dt><\/dl><dl class='gallery-item'>\n\t\t\t<dt class='gallery-icon landscape'>\n\t\t\t\t<a data-elementor-open-lightbox=\"no\" href='https:\/\/www.arzenox.com\/wp-content\/uploads\/2025\/09\/pas2.png'><img decoding=\"async\" width=\"400\" height=\"400\" src=\"https:\/\/www.arzenox.com\/wp-content\/uploads\/2025\/09\/pas2.png\" class=\"attachment-full size-full\" alt=\"\" srcset=\"https:\/\/www.arzenox.com\/wp-content\/uploads\/2025\/09\/pas2.png 400w, https:\/\/www.arzenox.com\/wp-content\/uploads\/2025\/09\/pas2-300x300.png 300w, https:\/\/www.arzenox.com\/wp-content\/uploads\/2025\/09\/pas2-150x150.png 150w\" sizes=\"(max-width: 400px) 100vw, 400px\" \/><\/a>\n\t\t\t<\/dt><\/dl><dl class='gallery-item'>\n\t\t\t<dt class='gallery-icon landscape'>\n\t\t\t\t<a data-elementor-open-lightbox=\"no\" href='https:\/\/www.arzenox.com\/wp-content\/uploads\/2025\/09\/pas7.png'><img loading=\"lazy\" decoding=\"async\" width=\"400\" height=\"400\" src=\"https:\/\/www.arzenox.com\/wp-content\/uploads\/2025\/09\/pas7.png\" class=\"attachment-full size-full\" alt=\"\" srcset=\"https:\/\/www.arzenox.com\/wp-content\/uploads\/2025\/09\/pas7.png 400w, https:\/\/www.arzenox.com\/wp-content\/uploads\/2025\/09\/pas7-300x300.png 300w, https:\/\/www.arzenox.com\/wp-content\/uploads\/2025\/09\/pas7-150x150.png 150w\" sizes=\"(max-width: 400px) 100vw, 400px\" \/><\/a>\n\t\t\t<\/dt><\/dl><br style=\"clear: both\" \/><dl class='gallery-item'>\n\t\t\t<dt class='gallery-icon landscape'>\n\t\t\t\t<a data-elementor-open-lightbox=\"no\" href='https:\/\/www.arzenox.com\/wp-content\/uploads\/2025\/09\/pas5.png'><img loading=\"lazy\" decoding=\"async\" width=\"400\" height=\"400\" src=\"https:\/\/www.arzenox.com\/wp-content\/uploads\/2025\/09\/pas5.png\" class=\"attachment-full size-full\" alt=\"\" srcset=\"https:\/\/www.arzenox.com\/wp-content\/uploads\/2025\/09\/pas5.png 400w, https:\/\/www.arzenox.com\/wp-content\/uploads\/2025\/09\/pas5-300x300.png 300w, https:\/\/www.arzenox.com\/wp-content\/uploads\/2025\/09\/pas5-150x150.png 150w\" sizes=\"(max-width: 400px) 100vw, 400px\" \/><\/a>\n\t\t\t<\/dt><\/dl><dl class='gallery-item'>\n\t\t\t<dt class='gallery-icon landscape'>\n\t\t\t\t<a data-elementor-open-lightbox=\"no\" href='https:\/\/www.arzenox.com\/wp-content\/uploads\/2025\/09\/pas3.png'><img loading=\"lazy\" decoding=\"async\" width=\"400\" height=\"400\" src=\"https:\/\/www.arzenox.com\/wp-content\/uploads\/2025\/09\/pas3.png\" class=\"attachment-full size-full\" alt=\"\" srcset=\"https:\/\/www.arzenox.com\/wp-content\/uploads\/2025\/09\/pas3.png 400w, https:\/\/www.arzenox.com\/wp-content\/uploads\/2025\/09\/pas3-300x300.png 300w, https:\/\/www.arzenox.com\/wp-content\/uploads\/2025\/09\/pas3-150x150.png 150w\" sizes=\"(max-width: 400px) 100vw, 400px\" \/><\/a>\n\t\t\t<\/dt><\/dl><dl class='gallery-item'>\n\t\t\t<dt class='gallery-icon landscape'>\n\t\t\t\t<a data-elementor-open-lightbox=\"no\" href='https:\/\/www.arzenox.com\/wp-content\/uploads\/2025\/09\/rtgrtgr.png'><img loading=\"lazy\" decoding=\"async\" width=\"400\" height=\"400\" src=\"https:\/\/www.arzenox.com\/wp-content\/uploads\/2025\/09\/rtgrtgr.png\" class=\"attachment-full size-full\" alt=\"\" srcset=\"https:\/\/www.arzenox.com\/wp-content\/uploads\/2025\/09\/rtgrtgr.png 400w, https:\/\/www.arzenox.com\/wp-content\/uploads\/2025\/09\/rtgrtgr-300x300.png 300w, https:\/\/www.arzenox.com\/wp-content\/uploads\/2025\/09\/rtgrtgr-150x150.png 150w\" sizes=\"(max-width: 400px) 100vw, 400px\" \/><\/a>\n\t\t\t<\/dt><\/dl><br style=\"clear: both\" \/><dl class='gallery-item'>\n\t\t\t<dt class='gallery-icon landscape'>\n\t\t\t\t<a data-elementor-open-lightbox=\"no\" href='https:\/\/www.arzenox.com\/wp-content\/uploads\/2025\/09\/pas8.png'><img loading=\"lazy\" decoding=\"async\" width=\"400\" height=\"400\" src=\"https:\/\/www.arzenox.com\/wp-content\/uploads\/2025\/09\/pas8.png\" class=\"attachment-full size-full\" alt=\"\" srcset=\"https:\/\/www.arzenox.com\/wp-content\/uploads\/2025\/09\/pas8.png 400w, https:\/\/www.arzenox.com\/wp-content\/uploads\/2025\/09\/pas8-300x300.png 300w, https:\/\/www.arzenox.com\/wp-content\/uploads\/2025\/09\/pas8-150x150.png 150w\" sizes=\"(max-width: 400px) 100vw, 400px\" \/><\/a>\n\t\t\t<\/dt><\/dl><dl class='gallery-item'>\n\t\t\t<dt class='gallery-icon landscape'>\n\t\t\t\t<a data-elementor-open-lightbox=\"no\" href='https:\/\/www.arzenox.com\/wp-content\/uploads\/2025\/09\/ecevadase.png'><img loading=\"lazy\" decoding=\"async\" width=\"400\" height=\"400\" src=\"https:\/\/www.arzenox.com\/wp-content\/uploads\/2025\/09\/ecevadase.png\" class=\"attachment-full size-full\" alt=\"\" srcset=\"https:\/\/www.arzenox.com\/wp-content\/uploads\/2025\/09\/ecevadase.png 400w, https:\/\/www.arzenox.com\/wp-content\/uploads\/2025\/09\/ecevadase-300x300.png 300w, https:\/\/www.arzenox.com\/wp-content\/uploads\/2025\/09\/ecevadase-150x150.png 150w\" sizes=\"(max-width: 400px) 100vw, 400px\" \/><\/a>\n\t\t\t<\/dt><\/dl><dl class='gallery-item'>\n\t\t\t<dt class='gallery-icon landscape'>\n\t\t\t\t<a data-elementor-open-lightbox=\"no\" href='https:\/\/www.arzenox.com\/wp-content\/uploads\/2025\/09\/pas10.png'><img loading=\"lazy\" decoding=\"async\" width=\"400\" height=\"400\" src=\"https:\/\/www.arzenox.com\/wp-content\/uploads\/2025\/09\/pas10.png\" class=\"attachment-full size-full\" alt=\"\" srcset=\"https:\/\/www.arzenox.com\/wp-content\/uploads\/2025\/09\/pas10.png 400w, https:\/\/www.arzenox.com\/wp-content\/uploads\/2025\/09\/pas10-300x300.png 300w, https:\/\/www.arzenox.com\/wp-content\/uploads\/2025\/09\/pas10-150x150.png 150w\" sizes=\"(max-width: 400px) 100vw, 400px\" \/><\/a>\n\t\t\t<\/dt><\/dl><br style=\"clear: both\" \/>\n\t\t<\/div>\n\t\t<\/div>\n\t\t\t\t\t\t<\/div>\n\t\t\t\t<\/div>\n\t\t\t\t<div class=\"elementor-element elementor-element-92107a2 elementor-widget elementor-widget-wd_text_block\" data-id=\"92107a2\" data-element_type=\"widget\" data-widget_type=\"wd_text_block.default\">\n\t\t\t\t<div class=\"elementor-widget-container\">\n\t\t\t\t\t\t\t<div class=\"wd-text-block reset-last-child text-left color-title\">\n\t\t\t\n\t\t\t<h3>\u00a0<span class=\"s2\">Stainless fasteners product range is located Arzenox the following:<\/span><\/h3><div class=\"s10\"><span class=\"s9\">\u2022 <\/span><strong><span class=\"s7\">HEX-Nipple Reduction:<\/span><\/strong><span class=\"s2\"> Provides a connection to switch between pipes of different diameters. Six <\/span><span class=\"s2\">angled outer form, offering easy installation with the key.<\/span><span class=\"s2\"> ISO4144<\/span><\/div><div class=\"s10\"><span class=\"s9\">\u2022 <\/span><strong><span class=\"s7\">Unilateral Nipple:<\/span><\/strong><span class=\"s2\"> Blind in one direction or the threaded connection that is used for routing purposes and typically provides the element.<\/span><span class=\"s2\"> DIN2982<\/span><\/div><div class=\"s10\"><span class=\"s9\">\u2022 <\/span><strong><span class=\"s7\">Double-Sided Nipple:<\/span><\/strong><span class=\"s2\"> Both ends are threaded and are used in applications that need a reciprocal link.<\/span><span class=\"s2\"> DIN2982<\/span><\/div><div class=\"s10\"><span class=\"s9\">\u2022 <\/span><strong><span class=\"s7\">Hex Nipple:<\/span><\/strong><span class=\"s2\"> Easy to install thanks to its hexagonal body, which are the same diameter on both ends with a nipple-type.<\/span><span class=\"s2\"> DIN2990<\/span><\/div><div class=\"s10\"><span class=\"s9\">\u2022 <\/span><strong><span class=\"s7\">Manson:<\/span><\/strong> <span class=\"s2\">Manson, is used to join the ends of the pipes with same or different diameters<\/span><span class=\"s2\">. DIN 2999<\/span><\/div><div class=\"s10\"><span class=\"s9\">\u2022 <\/span><strong><span class=\"s7\">Gear Reducer HEX:<\/span><\/strong> <span class=\"s2\">Gear reduction is used to reduce the diameter pipelines of different diameters combine or connection elements.\u00a0<\/span><span class=\"s2\">ISO4144<\/span><\/div><div class=\"s10\"><span class=\"s9\">\u2022 <\/span><strong><span class=\"s7\">Threaded Elbow: <\/span><\/strong><span class=\"s2\">Stainless<\/span><span class=\"s2\">(Chrome)<\/span><span class=\"s2\"> threaded elbows, lines change direction of flow in pipe systems and with different diameters that can be used in order to establish a connection between the basic connection elements.<\/span><span class=\"s2\"> ISO4144<\/span><\/div><div class=\"s10\"><span class=\"s9\">\u2022 <\/span><strong><span class=\"s7\">Gear Tee:<\/span><\/strong> <span class=\"s2\">Stainless<\/span><span class=\"s2\">(Chrome)<\/span><span class=\"s2\"> gear tee, pipe lines to separate the lines from the two directions of flow in different directions at a single point or three way link that is used in order to combine the elements. <\/span><span class=\"s2\">ISO4144<\/span><\/div><div class=\"s10\"><span class=\"s9\">\u2022 <\/span><strong><span class=\"s7\">Taper Threaded Adaptor:<\/span><\/strong> <span class=\"s2\">Bushings, especially in line with the frequency of maintenance, or temporary connections provides an ideal solution for systems that need.<\/span><span class=\"s2\"> ISO4144<\/span><\/div><div class=\"s10\"><span class=\"s9\">\u2022 <\/span><strong><span class=\"s7\">Triple HEX Hose Nipple:<\/span><\/strong> <span class=\"s2\">Thanks to its hexagonal body, providing ease of installation <\/span><span class=\"s2\">a<\/span><span class=\"s2\"> tip<\/span><span class=\"s2\">the other end of the hose nipple is a type of gear produced for the input. ISO4144<\/span><\/div><div class=\"s10\"><span class=\"s9\">\u2022 <\/span><strong><span class=\"s7\">Shaft Clamp Handle <\/span><span class=\"s7\">:<\/span><\/strong> <span class=\"s2\">Stainless<\/span><span class=\"s2\">(chromium<\/span><span class=\"s2\">)<\/span><span class=\"s2\">\u00a0<\/span><span class=\"s2\">s<\/span><span class=\"s2\">APLI <\/span><span class=\"s2\">k<\/span><span class=\"s2\">elepce plumbing applications that are used for the purpose of securing to the wall of the pipeline elements.<\/span><\/div>\n\t\t\t\t\t<\/div>\n\t\t\t\t\t\t<\/div>\n\t\t\t\t<\/div>\n\t\t\t\t\t<\/div>\n\t\t\t\t<\/div>\n\t\t<div class=\"wd-negative-gap elementor-element elementor-element-303b181 e-flex e-con-boxed e-con e-parent\" data-id=\"303b181\" data-element_type=\"container\">\n\t\t\t\t\t<div class=\"e-con-inner\">\n\t\t<div class=\"elementor-element elementor-element-e37688c e-con-full e-flex e-con e-child\" data-id=\"e37688c\" data-element_type=\"container\">\n\t\t\t\t<div class=\"elementor-element elementor-element-d50d7d8 elementor-widget__width-inherit elementor-widget elementor-widget-wd_text_block\" data-id=\"d50d7d8\" data-element_type=\"widget\" data-widget_type=\"wd_text_block.default\">\n\t\t\t\t<div class=\"elementor-widget-container\">\n\t\t\t\t\t\t\t<div class=\"wd-text-block reset-last-child text-left\">\n\t\t\t\n\t\t\t<h1><b>Quality Stainless Steel Stock<\/b><\/h1><table style=\"background: #fff; width: 100%; border-collapse: collapse; border: 1px solid #000;\"><thead><tr><th style=\"border: 1px solid #000; padding: 8px; text-align: left;\">Quality<\/th><th style=\"border: 1px solid #000; padding: 8px; text-align: left;\">Description<\/th><\/tr><\/thead><tbody><tr><td style=\"border: 1px solid #000; padding: 8px;\">304 \/ 304L (1.4301 \/ 1.4307)<\/td><td style=\"border: 1px solid #000; padding: 8px;\">A variety of applications, suitable for high corrosion resistance and versatility.<\/td><\/tr><tr><td style=\"border: 1px solid #000; padding: 8px;\">316 \/ 316L (1.4401 \/ 1.4404)<\/td><td style=\"border: 1px solid #000; padding: 8px;\">Ideal for challenging environments due to its superior corrosion resistance.<\/td><\/tr><\/tbody><\/table><h1><b>Standards<\/b><\/h1><table style=\"background: #fff; width: 100%; border-collapse: collapse; border: 1px solid #000;\"><thead><tr><th style=\"border: 1px solid #000; padding: 8px; text-align: left;\">Standard<\/th><th style=\"border: 1px solid #000; padding: 8px; text-align: left;\">Description<\/th><\/tr><\/thead><tbody><tr><td style=\"border: 1px solid #000; padding: 8px;\"><p class=\"s3\"><span class=\"s2\">ANSI\/ASME B16.9 <\/span><span class=\"s2\">ISO 4144<\/span><\/p><\/td><td style=\"border: 1px solid #000; padding: 8px;\">\u00a0<\/td><\/tr><tr><td style=\"border: 1px solid #000; padding: 8px;\">\u00a0<\/td><td style=\"border: 1px solid #000; padding: 8px;\">\u00a0<\/td><\/tr><\/tbody><\/table>\n\t\t\t\t\t<\/div>\n\t\t\t\t\t\t<\/div>\n\t\t\t\t<\/div>\n\t\t\t\t<\/div>\n\t\t<div class=\"elementor-element elementor-element-9732b48 e-con-full e-flex e-con e-child\" data-id=\"9732b48\" data-element_type=\"container\">\n\t\t\t\t<div class=\"elementor-element elementor-element-54b6685 elementor-widget__width-initial elementor-widget elementor-widget-wd_text_block\" data-id=\"54b6685\" data-element_type=\"widget\" data-widget_type=\"wd_text_block.default\">\n\t\t\t\t<div class=\"elementor-widget-container\">\n\t\t\t\t\t\t\t<div class=\"wd-text-block reset-last-child text-left\">\n\t\t\t\n\t\t\t<h1><b>Product Range<\/b><\/h1><table style=\"background: #fff; width: 100%; border-collapse: collapse; border: 1px solid #000;\"><thead><tr><th style=\"border: 1px solid #000; padding: 8px; text-align: left;\">Property<\/th><th style=\"border: 1px solid #000; padding: 8px; text-align: left;\">Description<\/th><\/tr><\/thead><tbody><tr><td style=\"border: 1px solid #000; padding: 8px;\">External<\/td><td style=\"border: 1px solid #000; padding: 8px;\">BSP \u2013 BSPT - NPT<\/td><\/tr><tr><td style=\"border: 1px solid #000; padding: 8px;\">Minimum - Maximum Diameter<\/td><td style=\"border: 1px solid #000; padding: 8px;\">1\/8\u201d \u2013 4\u201d<\/td><\/tr><\/tbody><\/table>\n\t\t\t\t\t<\/div>\n\t\t\t\t\t\t<\/div>\n\t\t\t\t<\/div>\n\t\t\t\t<\/div>\n\t\t\t\t\t<\/div>\n\t\t\t\t<\/div>\n\t\t\t\t<\/div>","protected":false},"excerpt":{"rendered":"<p>Paslanmaz Di\u015fli Ba\u011flant\u0131 Elemanlar\u0131 Paslanmaz(krom) di\u015fli ba\u011flant\u0131 elemanlar\u0131, y\u00fcksek hassasiyet ve dayan\u0131kl\u0131l\u0131k gerektiren mekanik sistemlerde tork iletimi, d\u00f6nme hareketinin y\u00f6nlendirilmesi<\/p>","protected":false},"author":3,"featured_media":0,"parent":29398,"menu_order":0,"comment_status":"closed","ping_status":"closed","template":"","meta":{"footnotes":""},"class_list":["post-33402","page","type-page","status-publish","hentry"],"_links":{"self":[{"href":"https:\/\/www.arzenox.com\/en\/wp-json\/wp\/v2\/pages\/33402","targetHints":{"allow":["GET"]}}],"collection":[{"href":"https:\/\/www.arzenox.com\/en\/wp-json\/wp\/v2\/pages"}],"about":[{"href":"https:\/\/www.arzenox.com\/en\/wp-json\/wp\/v2\/types\/page"}],"author":[{"embeddable":true,"href":"https:\/\/www.arzenox.com\/en\/wp-json\/wp\/v2\/users\/3"}],"replies":[{"embeddable":true,"href":"https:\/\/www.arzenox.com\/en\/wp-json\/wp\/v2\/comments?post=33402"}],"version-history":[{"count":25,"href":"https:\/\/www.arzenox.com\/en\/wp-json\/wp\/v2\/pages\/33402\/revisions"}],"predecessor-version":[{"id":33623,"href":"https:\/\/www.arzenox.com\/en\/wp-json\/wp\/v2\/pages\/33402\/revisions\/33623"}],"up":[{"embeddable":true,"href":"https:\/\/www.arzenox.com\/en\/wp-json\/wp\/v2\/pages\/29398"}],"wp:attachment":[{"href":"https:\/\/www.arzenox.com\/en\/wp-json\/wp\/v2\/media?parent=33402"}],"curies":[{"name":"wp","href":"https:\/\/api.w.org\/{rel}","templated":true}]}}