{"id":4400,"date":"2021-10-12T15:51:09","date_gmt":"2021-10-12T15:51:09","guid":{"rendered":"http:\/\/dummy.xtemos.com\/woodmart2\/elementor\/?page_id=4400"},"modified":"2025-10-10T12:13:25","modified_gmt":"2025-10-10T09:13:25","slug":"kurumsal","status":"publish","type":"page","link":"https:\/\/www.arzenox.com\/en\/kurumsal\/","title":{"rendered":"Corporate"},"content":{"rendered":"<div data-elementor-type=\"wp-page\" data-elementor-id=\"4400\" class=\"elementor elementor-4400\">\n\t\t\t\t<div class=\"wd-negative-gap elementor-element elementor-element-839bc7f e-flex e-con-boxed e-con e-parent\" data-id=\"839bc7f\" data-element_type=\"container\">\n\t\t\t\t\t<div class=\"e-con-inner\">\n\t\t<div class=\"elementor-element elementor-element-64379c4 e-con-full e-flex e-con e-child\" data-id=\"64379c4\" data-element_type=\"container\">\n\t\t\t\t<div class=\"elementor-element elementor-element-552ee0b elementor-widget elementor-widget-wd_image_or_svg\" data-id=\"552ee0b\" data-element_type=\"widget\" data-widget_type=\"wd_image_or_svg.default\">\n\t\t\t\t<div class=\"elementor-widget-container\">\n\t\t\t\t\t\n\t\t<div class=\"wd-image text-left\">\n\t\t\t\t\t\t\t\t<img fetchpriority=\"high\" decoding=\"async\" width=\"1920\" height=\"1282\" src=\"https:\/\/www.arzenox.com\/wp-content\/uploads\/2025\/09\/bakc2.jpg\" class=\"attachment-full size-full\" alt=\"\" srcset=\"https:\/\/www.arzenox.com\/wp-content\/uploads\/2025\/09\/bakc2.jpg 1920w, https:\/\/www.arzenox.com\/wp-content\/uploads\/2025\/09\/bakc2-400x267.jpg 400w, https:\/\/www.arzenox.com\/wp-content\/uploads\/2025\/09\/bakc2-1198x800.jpg 1198w, https:\/\/www.arzenox.com\/wp-content\/uploads\/2025\/09\/bakc2-768x513.jpg 768w, https:\/\/www.arzenox.com\/wp-content\/uploads\/2025\/09\/bakc2-1536x1026.jpg 1536w, https:\/\/www.arzenox.com\/wp-content\/uploads\/2025\/09\/bakc2-430x287.jpg 430w, https:\/\/www.arzenox.com\/wp-content\/uploads\/2025\/09\/bakc2-700x467.jpg 700w, https:\/\/www.arzenox.com\/wp-content\/uploads\/2025\/09\/bakc2-150x100.jpg 150w, https:\/\/www.arzenox.com\/wp-content\/uploads\/2025\/09\/bakc2-300x200.jpg 300w, https:\/\/www.arzenox.com\/wp-content\/uploads\/2025\/09\/bakc2-600x401.jpg 600w\" sizes=\"(max-width: 1920px) 100vw, 1920px\" \/>\t\t\t\t\t<\/div>\n\n\t\t\t\t\t\t<\/div>\n\t\t\t\t<\/div>\n\t\t\t\t<\/div>\n\t\t<div class=\"elementor-element elementor-element-ac39429 e-con-full e-flex e-con e-child\" data-id=\"ac39429\" data-element_type=\"container\">\n\t\t\t\t<div class=\"elementor-element elementor-element-0832ab3 wd-width-100 elementor-widget elementor-widget-wd_title\" data-id=\"0832ab3\" data-element_type=\"widget\" data-widget_type=\"wd_title.default\">\n\t\t\t\t<div class=\"elementor-widget-container\">\n\t\t\t\t\t\t\t<div class=\"title-wrapper wd-set-mb reset-last-child wd-title-color-default wd-title-style-default wd-title-size-default text-left\">\n\n\t\t\t\n\t\t\t<div class=\"liner-continer\">\n\t\t\t\t<h2 class=\"woodmart-title-container title wd-fontsize-l\">About us<\/h2> \n\t\t\t\t\t\t\t<\/div>\n\n\t\t\t\t\t\t\t<div class=\"title-after_title reset-last-child wd-fontsize-xs\">\n\t\t\t\t\t<p>Arzenox in the sector, based on many years of experience in the field by a team of experts, was established to provide solutions to the needs in the field of stainless steel. Our organization, especially in the food, textile and petrochemical sectors with products and services stand out; high quality solutions to suit the specific requirements of these sectors.<\/p><p>Our customer-oriented approach to each project is specific, need-oriented and goal-oriented solutions that we develop. Arzenox, technical expertise, customizable with a strong supply network structure and service strengthens its position as a reliable partner.<\/p>\t\t\t\t<\/div>\n\t\t\t\t\t<\/div>\n\t\t\t\t\t\t<\/div>\n\t\t\t\t<\/div>\n\t\t\t\t<div class=\"elementor-element elementor-element-be58452 wd-width-100 elementor-widget elementor-widget-wd_title\" data-id=\"be58452\" data-element_type=\"widget\" data-widget_type=\"wd_title.default\">\n\t\t\t\t<div class=\"elementor-widget-container\">\n\t\t\t\t\t\t\t<div class=\"title-wrapper wd-set-mb reset-last-child wd-title-color-default wd-title-style-default wd-title-size-default text-left\">\n\n\t\t\t\n\t\t\t<div class=\"liner-continer\">\n\t\t\t\t<h2 class=\"woodmart-title-container title wd-fontsize-l\">Corporate Imprint<\/h2> \n\t\t\t\t\t\t\t<\/div>\n\n\t\t\t\t\t\t\t<div class=\"title-after_title reset-last-child wd-fontsize-xs\">\n\t\t\t\t\t<ul><li><strong>Company Name:<\/strong> Arzenox stainless steel industry and trade limited company<\/li><li><strong>Established:<\/strong> 2025<\/li><li><strong>Place Of Incorporation:<\/strong> Gaziantep Organized Industrial Zone<\/li><li><strong>Field Of Activity:<\/strong> Supply of stainless steel products for industrial facilities<\/li><\/ul>\t\t\t\t<\/div>\n\t\t\t\t\t<\/div>\n\t\t\t\t\t\t<\/div>\n\t\t\t\t<\/div>\n\t\t\t\t<div class=\"elementor-element elementor-element-401a8ad wd-width-100 elementor-widget elementor-widget-wd_title\" data-id=\"401a8ad\" data-element_type=\"widget\" data-widget_type=\"wd_title.default\">\n\t\t\t\t<div class=\"elementor-widget-container\">\n\t\t\t\t\t\t\t<div class=\"title-wrapper wd-set-mb reset-last-child wd-title-color-default wd-title-style-default wd-title-size-default text-left\">\n\n\t\t\t\n\t\t\t<div class=\"liner-continer\">\n\t\t\t\t<h3 class=\"woodmart-title-container title wd-fontsize-l\">Our Infrastructure<\/h3> \n\t\t\t\t\t\t\t<\/div>\n\n\t\t\t\t\t\t\t<div class=\"title-after_title reset-last-child wd-fontsize-xs\">\n\t\t\t\t\t<ul><li><strong>Storage Space:<\/strong> 1.000 M2 closed area, multi-level rack system<\/li><li><strong>Stock Power:<\/strong> Wide variety of domestic and imported products and is capable of supplying continuous<\/li><li><strong>Distribution:<\/strong> Fast shipping to all parts of Turkey<\/li><\/ul>\t\t\t\t<\/div>\n\t\t\t\t\t<\/div>\n\t\t\t\t\t\t<\/div>\n\t\t\t\t<\/div>\n\t\t\t\t<div class=\"elementor-element elementor-element-e531a48 wd-width-100 elementor-widget elementor-widget-wd_title\" data-id=\"e531a48\" data-element_type=\"widget\" data-widget_type=\"wd_title.default\">\n\t\t\t\t<div class=\"elementor-widget-container\">\n\t\t\t\t\t\t\t<div class=\"title-wrapper wd-set-mb reset-last-child wd-title-color-default wd-title-style-default wd-title-size-default text-left\">\n\n\t\t\t\n\t\t\t<div class=\"liner-continer\">\n\t\t\t\t<h3 class=\"woodmart-title-container title wd-fontsize-l\">Our Strengths<\/h3> \n\t\t\t\t\t\t\t<\/div>\n\n\t\t\t\t\t\t\t<div class=\"title-after_title reset-last-child wd-fontsize-xs\">\n\t\t\t\t\t<ul><li>Dynamic and expert staff<\/li><li>The mastery of technical details<\/li><li>Experience in the import process<\/li><li>Compliance with international quality standards<\/li><li>Powerful stock structure<\/li><\/ul>\t\t\t\t<\/div>\n\t\t\t\t\t<\/div>\n\t\t\t\t\t\t<\/div>\n\t\t\t\t<\/div>\n\t\t\t\t<\/div>\n\t\t\t\t\t<\/div>\n\t\t\t\t<\/div>\n\t\t\t\t<\/div>","protected":false},"excerpt":{"rendered":"<p>Hakk\u0131m\u0131zda Arzenox, sekt\u00f6rde uzun y\u0131llara dayanan deneyime sahip, alan\u0131nda uzman bir ekip taraf\u0131ndan, paslanmaz \u00e7elik alan\u0131ndaki ihtiya\u00e7lara \u00e7\u00f6z\u00fcm sunmak amac\u0131yla<\/p>","protected":false},"author":2,"featured_media":0,"parent":0,"menu_order":0,"comment_status":"closed","ping_status":"closed","template":"","meta":{"footnotes":""},"class_list":["post-4400","page","type-page","status-publish","hentry"],"_links":{"self":[{"href":"https:\/\/www.arzenox.com\/en\/wp-json\/wp\/v2\/pages\/4400","targetHints":{"allow":["GET"]}}],"collection":[{"href":"https:\/\/www.arzenox.com\/en\/wp-json\/wp\/v2\/pages"}],"about":[{"href":"https:\/\/www.arzenox.com\/en\/wp-json\/wp\/v2\/types\/page"}],"author":[{"embeddable":true,"href":"https:\/\/www.arzenox.com\/en\/wp-json\/wp\/v2\/users\/2"}],"replies":[{"embeddable":true,"href":"https:\/\/www.arzenox.com\/en\/wp-json\/wp\/v2\/comments?post=4400"}],"version-history":[{"count":87,"href":"https:\/\/www.arzenox.com\/en\/wp-json\/wp\/v2\/pages\/4400\/revisions"}],"predecessor-version":[{"id":33642,"href":"https:\/\/www.arzenox.com\/en\/wp-json\/wp\/v2\/pages\/4400\/revisions\/33642"}],"wp:attachment":[{"href":"https:\/\/www.arzenox.com\/en\/wp-json\/wp\/v2\/media?parent=4400"}],"curies":[{"name":"wp","href":"https:\/\/api.w.org\/{rel}","templated":true}]}}